{"id":2576,"date":"2020-07-28T16:25:00","date_gmt":"2020-07-28T20:25:00","guid":{"rendered":"http:\/\/websabiz.com\/conexio\/?page_id=2576"},"modified":"2020-12-16T18:37:37","modified_gmt":"2020-12-16T22:37:37","slug":"cursos-privados","status":"publish","type":"page","link":"https:\/\/websabiz.com\/conexio\/en\/cursos-privados\/","title":{"rendered":"Cursos Privados"},"content":{"rendered":"<div data-elementor-type=\"wp-page\" data-elementor-id=\"2576\" class=\"elementor elementor-2576\">\n\t\t\t\t\t\t<section class=\"elementor-section elementor-top-section elementor-element elementor-element-5c82456 elementor-section-boxed elementor-section-gap-beside-yes elementor-section-height-default elementor-section-height-default elementor-section-column-vertical-align-stretch\" data-id=\"5c82456\" data-element_type=\"section\">\n\t\t\t\t\t\t<div class=\"elementor-container elementor-column-gap-extended\">\n\t\t\t\t\t<div class=\"elementor-column elementor-col-50 elementor-top-column elementor-element elementor-element-70ed07a\" data-id=\"70ed07a\" data-element_type=\"column\">\n\t\t\t<div class=\"elementor-widget-wrap elementor-element-populated\">\n\t\t\t\t\t\t<div class=\"elementor-element elementor-element-6750c79 elementor-widget elementor-widget-text-editor\" data-id=\"6750c79\" data-element_type=\"widget\" data-widget_type=\"text-editor.default\">\n\t\t\t\t<div class=\"elementor-widget-container\">\n\t\t\t\t\t\t\t<div class=\"qubely-block-text-title-container qubely-separator-position-top\">\n<div class=\"qubely-block-text-title-inner\">\n<h2 class=\"qubely-block-text-title\">Escuela de Danza y Coreograf\u00eda<\/h2>\n<\/div>\n<\/div>\n<p>Aprende a bailar con nosotros: salsa casino, urbano, merengue, bachata, flamenco, tango entre otros.<\/p>\n<p>\u00a0<\/p>\t\t\t\t\t\t<\/div>\n\t\t\t\t<\/div>\n\t\t\t\t<div class=\"elementor-element elementor-element-2ae9a03 elementor-widget elementor-widget-button\" data-id=\"2ae9a03\" data-element_type=\"widget\" data-widget_type=\"button.default\">\n\t\t\t\t<div class=\"elementor-widget-container\">\n\t\t\t\t\t<div class=\"elementor-button-wrapper\">\n\t\t\t<a class=\"elementor-button elementor-button-link elementor-size-sm\" href=\"https:\/\/websabiz.com\/conexio\/en\/privados\/escuela-de-danza-y-coreografia\/\">\n\t\t\t\t\t\t<span class=\"elementor-button-content-wrapper\">\n\t\t\t\t\t\t\t\t\t<span class=\"elementor-button-text\">LOGIN (SOLO SI ERES MIEMBRO)<\/span>\n\t\t\t\t\t<\/span>\n\t\t\t\t\t<\/a>\n\t\t<\/div>\n\t\t\t\t<\/div>\n\t\t\t\t<\/div>\n\t\t\t\t<div class=\"elementor-element elementor-element-5e117f2 elementor-widget elementor-widget-spacer\" data-id=\"5e117f2\" data-element_type=\"widget\" data-widget_type=\"spacer.default\">\n\t\t\t\t<div class=\"elementor-widget-container\">\n\t\t\t\t\t<div class=\"elementor-spacer\">\n\t\t\t<div class=\"elementor-spacer-inner\"><\/div>\n\t\t<\/div>\n\t\t\t\t<\/div>\n\t\t\t\t<\/div>\n\t\t\t\t\t<\/div>\n\t\t<\/div>\n\t\t\t\t<div class=\"elementor-column elementor-col-50 elementor-top-column elementor-element elementor-element-d8d5cfe\" data-id=\"d8d5cfe\" data-element_type=\"column\">\n\t\t\t<div class=\"elementor-widget-wrap elementor-element-populated\">\n\t\t\t\t\t\t<div class=\"elementor-element elementor-element-f59fa49 elementor-widget elementor-widget-image\" data-id=\"f59fa49\" data-element_type=\"widget\" data-widget_type=\"image.default\">\n\t\t\t\t<div class=\"elementor-widget-container\">\n\t\t\t\t\t\t\t\t\t\t\t\t\t<img fetchpriority=\"high\" decoding=\"async\" width=\"1024\" height=\"684\" src=\"https:\/\/i0.wp.com\/websabiz.com\/conexio\/cargados\/2020\/07\/escuela-danza-contemporanea.jpg?fit=1024%2C684&amp;ssl=1\" class=\"attachment-full size-full wp-image-2575\" alt=\"\" srcset=\"https:\/\/i0.wp.com\/websabiz.com\/conexio\/cargados\/2020\/07\/escuela-danza-contemporanea.jpg?w=1024&amp;ssl=1 1024w, https:\/\/i0.wp.com\/websabiz.com\/conexio\/cargados\/2020\/07\/escuela-danza-contemporanea.jpg?resize=300%2C200&amp;ssl=1 300w, https:\/\/i0.wp.com\/websabiz.com\/conexio\/cargados\/2020\/07\/escuela-danza-contemporanea.jpg?resize=768%2C513&amp;ssl=1 768w, https:\/\/i0.wp.com\/websabiz.com\/conexio\/cargados\/2020\/07\/escuela-danza-contemporanea.jpg?resize=600%2C401&amp;ssl=1 600w\" sizes=\"(max-width: 640px) 100vw, 640px\" \/>\t\t\t\t\t\t\t\t\t\t\t\t\t<\/div>\n\t\t\t\t<\/div>\n\t\t\t\t\t<\/div>\n\t\t<\/div>\n\t\t\t\t\t<\/div>\n\t\t<\/section>\n\t\t\t\t<section class=\"elementor-section elementor-top-section elementor-element elementor-element-5e8d07a elementor-section-boxed elementor-section-gap-beside-yes elementor-section-height-default elementor-section-height-default elementor-section-column-vertical-align-stretch\" data-id=\"5e8d07a\" data-element_type=\"section\">\n\t\t\t\t\t\t<div class=\"elementor-container elementor-column-gap-extended\">\n\t\t\t\t\t<div class=\"elementor-column elementor-col-100 elementor-top-column elementor-element elementor-element-365673a\" data-id=\"365673a\" data-element_type=\"column\">\n\t\t\t<div class=\"elementor-widget-wrap elementor-element-populated\">\n\t\t\t\t\t\t<div class=\"elementor-element elementor-element-53e3667 elementor-widget elementor-widget-spacer\" data-id=\"53e3667\" data-element_type=\"widget\" data-widget_type=\"spacer.default\">\n\t\t\t\t<div class=\"elementor-widget-container\">\n\t\t\t\t\t<div class=\"elementor-spacer\">\n\t\t\t<div class=\"elementor-spacer-inner\"><\/div>\n\t\t<\/div>\n\t\t\t\t<\/div>\n\t\t\t\t<\/div>\n\t\t\t\t\t<\/div>\n\t\t<\/div>\n\t\t\t\t\t<\/div>\n\t\t<\/section>\n\t\t\t\t<section class=\"elementor-section elementor-top-section elementor-element elementor-element-d9ef68d elementor-section-boxed elementor-section-gap-beside-yes elementor-section-height-default elementor-section-height-default elementor-section-column-vertical-align-stretch\" data-id=\"d9ef68d\" data-element_type=\"section\">\n\t\t\t\t\t\t<div class=\"elementor-container elementor-column-gap-extended\">\n\t\t\t\t\t<div class=\"elementor-column elementor-col-50 elementor-top-column elementor-element elementor-element-e82ea31\" data-id=\"e82ea31\" data-element_type=\"column\">\n\t\t\t<div class=\"elementor-widget-wrap elementor-element-populated\">\n\t\t\t\t\t\t<div class=\"elementor-element elementor-element-881afd7 elementor-widget elementor-widget-text-editor\" data-id=\"881afd7\" data-element_type=\"widget\" data-widget_type=\"text-editor.default\">\n\t\t\t\t<div class=\"elementor-widget-container\">\n\t\t\t\t\t\t\t<div class=\"qubely-block-text-title-container qubely-separator-position-top\">\n<div class=\"qubely-block-text-title-inner\">\n<h2 class=\"qubely-block-text-title\">Instituto Terranova<\/h2>\n<\/div>\n<\/div>\n<p>Nos dedicamos a ense\u00f1ar c\u00f3mo utilizar las aplicaciones m\u00f3viles para la productividad (comercial y no comercial).<\/p>\n<p>\u00a0<\/p>\t\t\t\t\t\t<\/div>\n\t\t\t\t<\/div>\n\t\t\t\t<div class=\"elementor-element elementor-element-64c1840 elementor-widget elementor-widget-button\" data-id=\"64c1840\" data-element_type=\"widget\" data-widget_type=\"button.default\">\n\t\t\t\t<div class=\"elementor-widget-container\">\n\t\t\t\t\t<div class=\"elementor-button-wrapper\">\n\t\t\t<a class=\"elementor-button elementor-button-link elementor-size-sm\" href=\"https:\/\/websabiz.com\/conexio\/en\/privados\/instituto-torrenova\/\">\n\t\t\t\t\t\t<span class=\"elementor-button-content-wrapper\">\n\t\t\t\t\t\t\t\t\t<span class=\"elementor-button-text\">LOGIN (SOLO SI ERES MIEMBRO)<\/span>\n\t\t\t\t\t<\/span>\n\t\t\t\t\t<\/a>\n\t\t<\/div>\n\t\t\t\t<\/div>\n\t\t\t\t<\/div>\n\t\t\t\t<div class=\"elementor-element elementor-element-eb63f80 elementor-widget elementor-widget-spacer\" data-id=\"eb63f80\" data-element_type=\"widget\" data-widget_type=\"spacer.default\">\n\t\t\t\t<div class=\"elementor-widget-container\">\n\t\t\t\t\t<div class=\"elementor-spacer\">\n\t\t\t<div class=\"elementor-spacer-inner\"><\/div>\n\t\t<\/div>\n\t\t\t\t<\/div>\n\t\t\t\t<\/div>\n\t\t\t\t\t<\/div>\n\t\t<\/div>\n\t\t\t\t<div class=\"elementor-column elementor-col-50 elementor-top-column elementor-element elementor-element-25fb426\" data-id=\"25fb426\" data-element_type=\"column\">\n\t\t\t<div class=\"elementor-widget-wrap elementor-element-populated\">\n\t\t\t\t\t\t<div class=\"elementor-element elementor-element-7db4cb4 elementor-widget elementor-widget-image\" data-id=\"7db4cb4\" data-element_type=\"widget\" data-widget_type=\"image.default\">\n\t\t\t\t<div class=\"elementor-widget-container\">\n\t\t\t\t\t\t\t\t\t\t\t\t\t<img decoding=\"async\" width=\"1024\" height=\"614\" src=\"https:\/\/i0.wp.com\/websabiz.com\/conexio\/cargados\/2020\/07\/mobile-apps-productivity.jpg?fit=1024%2C614&amp;ssl=1\" class=\"attachment-full size-full wp-image-2598\" alt=\"\" srcset=\"https:\/\/i0.wp.com\/websabiz.com\/conexio\/cargados\/2020\/07\/mobile-apps-productivity.jpg?w=1024&amp;ssl=1 1024w, https:\/\/i0.wp.com\/websabiz.com\/conexio\/cargados\/2020\/07\/mobile-apps-productivity.jpg?resize=300%2C180&amp;ssl=1 300w, https:\/\/i0.wp.com\/websabiz.com\/conexio\/cargados\/2020\/07\/mobile-apps-productivity.jpg?resize=768%2C461&amp;ssl=1 768w, https:\/\/i0.wp.com\/websabiz.com\/conexio\/cargados\/2020\/07\/mobile-apps-productivity.jpg?resize=600%2C360&amp;ssl=1 600w\" sizes=\"(max-width: 640px) 100vw, 640px\" \/>\t\t\t\t\t\t\t\t\t\t\t\t\t<\/div>\n\t\t\t\t<\/div>\n\t\t\t\t\t<\/div>\n\t\t<\/div>\n\t\t\t\t\t<\/div>\n\t\t<\/section>\n\t\t\t\t<section class=\"elementor-section elementor-top-section elementor-element elementor-element-87be8f3 elementor-section-boxed elementor-section-gap-beside-yes elementor-section-height-default elementor-section-height-default elementor-section-column-vertical-align-stretch\" data-id=\"87be8f3\" data-element_type=\"section\">\n\t\t\t\t\t\t<div class=\"elementor-container elementor-column-gap-extended\">\n\t\t\t\t\t<div class=\"elementor-column elementor-col-100 elementor-top-column elementor-element elementor-element-244686c\" data-id=\"244686c\" data-element_type=\"column\">\n\t\t\t<div class=\"elementor-widget-wrap elementor-element-populated\">\n\t\t\t\t\t\t<div class=\"elementor-element elementor-element-7c50abb elementor-widget elementor-widget-spacer\" data-id=\"7c50abb\" data-element_type=\"widget\" data-widget_type=\"spacer.default\">\n\t\t\t\t<div class=\"elementor-widget-container\">\n\t\t\t\t\t<div class=\"elementor-spacer\">\n\t\t\t<div class=\"elementor-spacer-inner\"><\/div>\n\t\t<\/div>\n\t\t\t\t<\/div>\n\t\t\t\t<\/div>\n\t\t\t\t<div class=\"elementor-element elementor-element-41d9650 elementor-widget elementor-widget-spacer\" data-id=\"41d9650\" data-element_type=\"widget\" data-widget_type=\"spacer.default\">\n\t\t\t\t<div class=\"elementor-widget-container\">\n\t\t\t\t\t<div class=\"elementor-spacer\">\n\t\t\t<div class=\"elementor-spacer-inner\"><\/div>\n\t\t<\/div>\n\t\t\t\t<\/div>\n\t\t\t\t<\/div>\n\t\t\t\t\t<\/div>\n\t\t<\/div>\n\t\t\t\t\t<\/div>\n\t\t<\/section>\n\t\t\t\t<section class=\"elementor-section elementor-top-section elementor-element elementor-element-07b2524 elementor-section-boxed elementor-section-gap-beside-yes elementor-section-height-default elementor-section-height-default elementor-section-column-vertical-align-stretch\" data-id=\"07b2524\" data-element_type=\"section\">\n\t\t\t\t\t\t<div class=\"elementor-container elementor-column-gap-extended\">\n\t\t\t\t\t<div class=\"elementor-column elementor-col-50 elementor-top-column elementor-element elementor-element-eeff7fb\" data-id=\"eeff7fb\" data-element_type=\"column\">\n\t\t\t<div class=\"elementor-widget-wrap elementor-element-populated\">\n\t\t\t\t\t\t<div class=\"elementor-element elementor-element-8c140ec elementor-widget elementor-widget-text-editor\" data-id=\"8c140ec\" data-element_type=\"widget\" data-widget_type=\"text-editor.default\">\n\t\t\t\t<div class=\"elementor-widget-container\">\n\t\t\t\t\t\t\t<div>\n<div>\n<h2>Club de Astronom\u00eda Humboldt<\/h2>\n<\/div>\n<\/div>\n<p>Cursos para entusiastas de la astronom\u00eda.<\/p>\n<p>\u00a0<\/p>\t\t\t\t\t\t<\/div>\n\t\t\t\t<\/div>\n\t\t\t\t<div class=\"elementor-element elementor-element-6f4d2a1 elementor-widget elementor-widget-button\" data-id=\"6f4d2a1\" data-element_type=\"widget\" data-widget_type=\"button.default\">\n\t\t\t\t<div class=\"elementor-widget-container\">\n\t\t\t\t\t<div class=\"elementor-button-wrapper\">\n\t\t\t<a class=\"elementor-button elementor-button-link elementor-size-sm\" href=\"https:\/\/websabiz.com\/conexio\/en\/privados\/club-de-astronomia-humboldt\/\">\n\t\t\t\t\t\t<span class=\"elementor-button-content-wrapper\">\n\t\t\t\t\t\t\t\t\t<span class=\"elementor-button-text\">LOGIN (SOLO SI ERES MIEMBRO)<\/span>\n\t\t\t\t\t<\/span>\n\t\t\t\t\t<\/a>\n\t\t<\/div>\n\t\t\t\t<\/div>\n\t\t\t\t<\/div>\n\t\t\t\t<div class=\"elementor-element elementor-element-eb1c941 elementor-widget elementor-widget-spacer\" data-id=\"eb1c941\" data-element_type=\"widget\" data-widget_type=\"spacer.default\">\n\t\t\t\t<div class=\"elementor-widget-container\">\n\t\t\t\t\t<div class=\"elementor-spacer\">\n\t\t\t<div class=\"elementor-spacer-inner\"><\/div>\n\t\t<\/div>\n\t\t\t\t<\/div>\n\t\t\t\t<\/div>\n\t\t\t\t\t<\/div>\n\t\t<\/div>\n\t\t\t\t<div class=\"elementor-column elementor-col-50 elementor-top-column elementor-element elementor-element-0968696\" data-id=\"0968696\" data-element_type=\"column\">\n\t\t\t<div class=\"elementor-widget-wrap elementor-element-populated\">\n\t\t\t\t\t\t<div class=\"elementor-element elementor-element-4f859c2 elementor-widget elementor-widget-image\" data-id=\"4f859c2\" data-element_type=\"widget\" data-widget_type=\"image.default\">\n\t\t\t\t<div class=\"elementor-widget-container\">\n\t\t\t\t\t\t\t\t\t\t\t\t\t<img decoding=\"async\" width=\"776\" height=\"437\" src=\"https:\/\/i0.wp.com\/websabiz.com\/conexio\/cargados\/2020\/07\/club-aficionados-astronomia.png?fit=776%2C437&amp;ssl=1\" class=\"attachment-full size-full wp-image-2599\" alt=\"\" srcset=\"https:\/\/i0.wp.com\/websabiz.com\/conexio\/cargados\/2020\/07\/club-aficionados-astronomia.png?w=776&amp;ssl=1 776w, https:\/\/i0.wp.com\/websabiz.com\/conexio\/cargados\/2020\/07\/club-aficionados-astronomia.png?resize=300%2C169&amp;ssl=1 300w, https:\/\/i0.wp.com\/websabiz.com\/conexio\/cargados\/2020\/07\/club-aficionados-astronomia.png?resize=768%2C432&amp;ssl=1 768w, https:\/\/i0.wp.com\/websabiz.com\/conexio\/cargados\/2020\/07\/club-aficionados-astronomia.png?resize=600%2C338&amp;ssl=1 600w\" sizes=\"(max-width: 640px) 100vw, 640px\" \/>\t\t\t\t\t\t\t\t\t\t\t\t\t<\/div>\n\t\t\t\t<\/div>\n\t\t\t\t\t<\/div>\n\t\t<\/div>\n\t\t\t\t\t<\/div>\n\t\t<\/section>\n\t\t\t\t<section class=\"elementor-section elementor-top-section elementor-element elementor-element-ba90f32 elementor-section-boxed elementor-section-gap-beside-yes elementor-section-height-default elementor-section-height-default elementor-section-column-vertical-align-stretch\" data-id=\"ba90f32\" data-element_type=\"section\">\n\t\t\t\t\t\t<div class=\"elementor-container elementor-column-gap-extended\">\n\t\t\t\t\t<div class=\"elementor-column elementor-col-100 elementor-top-column elementor-element elementor-element-dcaf890\" data-id=\"dcaf890\" data-element_type=\"column\">\n\t\t\t<div class=\"elementor-widget-wrap elementor-element-populated\">\n\t\t\t\t\t\t<div class=\"elementor-element elementor-element-c4361d4 elementor-widget elementor-widget-spacer\" data-id=\"c4361d4\" data-element_type=\"widget\" data-widget_type=\"spacer.default\">\n\t\t\t\t<div class=\"elementor-widget-container\">\n\t\t\t\t\t<div class=\"elementor-spacer\">\n\t\t\t<div class=\"elementor-spacer-inner\"><\/div>\n\t\t<\/div>\n\t\t\t\t<\/div>\n\t\t\t\t<\/div>\n\t\t\t\t\t<\/div>\n\t\t<\/div>\n\t\t\t\t\t<\/div>\n\t\t<\/section>\n\t\t\t\t<section class=\"elementor-section elementor-top-section elementor-element elementor-element-34ffdb3 elementor-section-boxed elementor-section-gap-beside-yes elementor-section-height-default elementor-section-height-default elementor-section-column-vertical-align-stretch\" data-id=\"34ffdb3\" data-element_type=\"section\">\n\t\t\t\t\t\t<div class=\"elementor-container elementor-column-gap-extended\">\n\t\t\t\t\t<div class=\"elementor-column elementor-col-50 elementor-top-column elementor-element elementor-element-29b63d8\" data-id=\"29b63d8\" data-element_type=\"column\">\n\t\t\t<div class=\"elementor-widget-wrap elementor-element-populated\">\n\t\t\t\t\t\t<div class=\"elementor-element elementor-element-62c55cf elementor-widget elementor-widget-text-editor\" data-id=\"62c55cf\" data-element_type=\"widget\" data-widget_type=\"text-editor.default\">\n\t\t\t\t<div class=\"elementor-widget-container\">\n\t\t\t\t\t\t\t<div>\n<div>\n<h2>Escuela de Arte Digital<\/h2>\n<\/div>\n<\/div>\n<p><span style=\"color: #6e6e6e; font-family: 'Open Sans'; font-size: 16px; text-align: justify; font-weight: var( --e-global-typography-text-font-weight ); letter-spacing: 0em;\">Cursos para estudiantes y entusiastas del arte digital.<\/span><\/p>\n<p>\u00a0<\/p>\t\t\t\t\t\t<\/div>\n\t\t\t\t<\/div>\n\t\t\t\t<div class=\"elementor-element elementor-element-e0aedb5 elementor-widget elementor-widget-button\" data-id=\"e0aedb5\" data-element_type=\"widget\" data-widget_type=\"button.default\">\n\t\t\t\t<div class=\"elementor-widget-container\">\n\t\t\t\t\t<div class=\"elementor-button-wrapper\">\n\t\t\t<a class=\"elementor-button elementor-button-link elementor-size-sm\" href=\"https:\/\/websabiz.com\/conexio\/en\/privados\/escuela-de-arte-digital\/\">\n\t\t\t\t\t\t<span class=\"elementor-button-content-wrapper\">\n\t\t\t\t\t\t\t\t\t<span class=\"elementor-button-text\">LOGIN (SOLO SI ERES MIEMBRO)<\/span>\n\t\t\t\t\t<\/span>\n\t\t\t\t\t<\/a>\n\t\t<\/div>\n\t\t\t\t<\/div>\n\t\t\t\t<\/div>\n\t\t\t\t<div class=\"elementor-element elementor-element-7fb25ff elementor-widget elementor-widget-spacer\" data-id=\"7fb25ff\" data-element_type=\"widget\" data-widget_type=\"spacer.default\">\n\t\t\t\t<div class=\"elementor-widget-container\">\n\t\t\t\t\t<div class=\"elementor-spacer\">\n\t\t\t<div class=\"elementor-spacer-inner\"><\/div>\n\t\t<\/div>\n\t\t\t\t<\/div>\n\t\t\t\t<\/div>\n\t\t\t\t\t<\/div>\n\t\t<\/div>\n\t\t\t\t<div class=\"elementor-column elementor-col-50 elementor-top-column elementor-element elementor-element-49aa762\" data-id=\"49aa762\" data-element_type=\"column\">\n\t\t\t<div class=\"elementor-widget-wrap elementor-element-populated\">\n\t\t\t\t\t\t<div class=\"elementor-element elementor-element-c882d54 elementor-widget elementor-widget-image\" data-id=\"c882d54\" data-element_type=\"widget\" data-widget_type=\"image.default\">\n\t\t\t\t<div class=\"elementor-widget-container\">\n\t\t\t\t\t\t\t\t\t\t\t\t\t<img loading=\"lazy\" decoding=\"async\" width=\"604\" height=\"402\" src=\"https:\/\/i0.wp.com\/websabiz.com\/conexio\/cargados\/2020\/07\/escuela-arte-digital.png?fit=604%2C402&amp;ssl=1\" class=\"attachment-full size-full wp-image-2600\" alt=\"\" srcset=\"https:\/\/i0.wp.com\/websabiz.com\/conexio\/cargados\/2020\/07\/escuela-arte-digital.png?w=604&amp;ssl=1 604w, https:\/\/i0.wp.com\/websabiz.com\/conexio\/cargados\/2020\/07\/escuela-arte-digital.png?resize=300%2C200&amp;ssl=1 300w, https:\/\/i0.wp.com\/websabiz.com\/conexio\/cargados\/2020\/07\/escuela-arte-digital.png?resize=600%2C399&amp;ssl=1 600w\" sizes=\"(max-width: 604px) 100vw, 604px\" \/>\t\t\t\t\t\t\t\t\t\t\t\t\t<\/div>\n\t\t\t\t<\/div>\n\t\t\t\t\t<\/div>\n\t\t<\/div>\n\t\t\t\t\t<\/div>\n\t\t<\/section>\n\t\t\t\t<section class=\"elementor-section elementor-top-section elementor-element elementor-element-e914a35 elementor-section-boxed elementor-section-gap-beside-yes elementor-section-height-default elementor-section-height-default elementor-section-column-vertical-align-stretch\" data-id=\"e914a35\" data-element_type=\"section\">\n\t\t\t\t\t\t<div class=\"elementor-container elementor-column-gap-extended\">\n\t\t\t\t\t<div class=\"elementor-column elementor-col-100 elementor-top-column elementor-element elementor-element-db9f6cb\" data-id=\"db9f6cb\" data-element_type=\"column\">\n\t\t\t<div class=\"elementor-widget-wrap elementor-element-populated\">\n\t\t\t\t\t\t<div class=\"elementor-element elementor-element-76dfabe elementor-widget elementor-widget-spacer\" data-id=\"76dfabe\" data-element_type=\"widget\" data-widget_type=\"spacer.default\">\n\t\t\t\t<div class=\"elementor-widget-container\">\n\t\t\t\t\t<div class=\"elementor-spacer\">\n\t\t\t<div class=\"elementor-spacer-inner\"><\/div>\n\t\t<\/div>\n\t\t\t\t<\/div>\n\t\t\t\t<\/div>\n\t\t\t\t\t<\/div>\n\t\t<\/div>\n\t\t\t\t\t<\/div>\n\t\t<\/section>\n\t\t\t\t<\/div>","protected":false},"excerpt":{"rendered":"<p>Escuela de Danza y Coreograf\u00eda Aprende a bailar con nosotros: salsa casino, urbano, merengue, bachata, flamenco, tango entre otros. \u00a0 LOGIN (SOLO SI ERES MIEMBRO) Instituto Terranova Nos dedicamos a ense\u00f1ar c\u00f3mo utilizar las aplicaciones m\u00f3viles para la productividad (comercial y no comercial). \u00a0 LOGIN (SOLO SI ERES MIEMBRO) Club de Astronom\u00eda Humboldt Cursos para entusiastas de la astronom\u00eda. \u00a0 LOGIN (SOLO SI ERES MIEMBRO) Escuela de Arte Digital Cursos para estudiantes y entusiastas del arte digital. \u00a0 LOGIN (SOLO SI ERES MIEMBRO)<\/p>","protected":false},"author":1,"featured_media":0,"parent":0,"menu_order":0,"comment_status":"closed","ping_status":"closed","template":"","meta":{"footnotes":""},"jetpack_sharing_enabled":true,"_links":{"self":[{"href":"https:\/\/websabiz.com\/conexio\/en\/wp-json\/wp\/v2\/pages\/2576"}],"collection":[{"href":"https:\/\/websabiz.com\/conexio\/en\/wp-json\/wp\/v2\/pages"}],"about":[{"href":"https:\/\/websabiz.com\/conexio\/en\/wp-json\/wp\/v2\/types\/page"}],"author":[{"embeddable":true,"href":"https:\/\/websabiz.com\/conexio\/en\/wp-json\/wp\/v2\/users\/1"}],"replies":[{"embeddable":true,"href":"https:\/\/websabiz.com\/conexio\/en\/wp-json\/wp\/v2\/comments?post=2576"}],"version-history":[{"count":0,"href":"https:\/\/websabiz.com\/conexio\/en\/wp-json\/wp\/v2\/pages\/2576\/revisions"}],"wp:attachment":[{"href":"https:\/\/websabiz.com\/conexio\/en\/wp-json\/wp\/v2\/media?parent=2576"}],"curies":[{"name":"wp","href":"https:\/\/api.w.org\/{rel}","templated":true}]}}